{"id":43,"date":"2026-05-14T10:04:54","date_gmt":"2026-05-14T10:04:54","guid":{"rendered":"https:\/\/msdiffusion.be\/?page_id=43"},"modified":"2026-05-14T13:05:18","modified_gmt":"2026-05-14T13:05:18","slug":"msd-logistique","status":"publish","type":"page","link":"https:\/\/msdiffusion.be\/index.php\/msd-logistique\/","title":{"rendered":"MSD Logistique"},"content":{"rendered":"\n<figure class=\"wp-block-image is-resized\"><img loading=\"lazy\" decoding=\"async\" width=\"1024\" height=\"1024\" src=\"https:\/\/msdiffusion.be\/wp-content\/uploads\/2026\/05\/logistique.png\" alt=\"\" class=\"wp-image-66\" style=\"width:336px;height:auto\" srcset=\"https:\/\/msdiffusion.be\/wp-content\/uploads\/2026\/05\/logistique.png 1024w, https:\/\/msdiffusion.be\/wp-content\/uploads\/2026\/05\/logistique-300x300.png 300w, https:\/\/msdiffusion.be\/wp-content\/uploads\/2026\/05\/logistique-150x150.png 150w, https:\/\/msdiffusion.be\/wp-content\/uploads\/2026\/05\/logistique-768x768.png 768w, https:\/\/msdiffusion.be\/wp-content\/uploads\/2026\/05\/logistique-100x100.png 100w\" sizes=\"auto, (max-width: 1024px) 100vw, 1024px\" \/><\/figure>\n\n\n\n<p>Pr\u00e9paration de commande et logistique<\/p>\n\n\n\n<hr class=\"wp-block-separator has-alpha-channel-opacity\"\/>\n\n\n\n<p>Bas\u00e9e en province de Li\u00e8ge et du Hainaut, notre entreprise accompagne les <strong>commerces de proximit\u00e9<\/strong> et les acteurs locaux dans la gestion compl\u00e8te de leur logistique op\u00e9rationnelle. Nous prenons en charge l\u2019ensemble du processus : r\u00e9ception des marchandises, gestion de stock, pr\u00e9paration de commandes (picking), emballage et exp\u00e9dition.<\/p>\n\n\n\n<p>Notre offre s\u2019adresse aux ind\u00e9pendants, petites structures, retailers locaux et e\u2011commer\u00e7ants qui souhaitent externaliser une partie ou la totalit\u00e9 de leur logistique afin de gagner en efficacit\u00e9 et en fiabilit\u00e9. Nous intervenons en support de votre activit\u00e9 ou en compl\u00e9ment de vos besoins en conditionnement et emballage.<\/p>\n\n\n\n<p>Nos \u00e9quipes s\u2019appuient sur un r\u00e9seau solide de <strong>partenaires externes sp\u00e9cialis\u00e9s<\/strong>, en plus de nos propres collaborateurs qualifi\u00e9s. Cette combinaison de comp\u00e9tences internes et de ressources partenaires nous permet d\u2019offrir un service professionnel, structur\u00e9 et parfaitement align\u00e9 avec les exigences B2B.<\/p>\n\n\n\n<p>En nous confiant la gestion logistique de vos commandes, vous b\u00e9n\u00e9ficiez d\u2019un partenaire fiable, flexible et ancr\u00e9 dans le tissu \u00e9conomique li\u00e9geois principalement \u2014 un atout essentiel pour renforcer la performance de votre commerce de proximit\u00e9.<\/p>\n\n\n\n<hr class=\"wp-block-separator has-alpha-channel-opacity\"\/>\n\n\n\n<p><\/p>\n\n\n\n<p><\/p>\n","protected":false},"excerpt":{"rendered":"<p>Pr\u00e9paration de commande et logistique Bas\u00e9e en province de Li\u00e8ge et du Hainaut, notre entreprise accompagne les commerces de proximit\u00e9 et les acteurs locaux dans la gestion compl\u00e8te de leur logistique op\u00e9rationnelle. Nous prenons en charge l\u2019ensemble du processus : r\u00e9ception des marchandises, gestion de stock, pr\u00e9paration de commandes (picking), emballage et exp\u00e9dition. Notre offre&hellip;&nbsp;<\/p>\n","protected":false},"author":1,"featured_media":66,"parent":0,"menu_order":0,"comment_status":"closed","ping_status":"closed","template":"","meta":{"neve_meta_sidebar":"","neve_meta_container":"","neve_meta_enable_content_width":"","neve_meta_content_width":0,"neve_meta_title_alignment":"","neve_meta_author_avatar":"","neve_post_elements_order":"","neve_meta_disable_header":"","neve_meta_disable_footer":"","neve_meta_disable_title":"","footnotes":""},"class_list":["post-43","page","type-page","status-publish","has-post-thumbnail","hentry"],"_links":{"self":[{"href":"https:\/\/msdiffusion.be\/index.php\/wp-json\/wp\/v2\/pages\/43","targetHints":{"allow":["GET"]}}],"collection":[{"href":"https:\/\/msdiffusion.be\/index.php\/wp-json\/wp\/v2\/pages"}],"about":[{"href":"https:\/\/msdiffusion.be\/index.php\/wp-json\/wp\/v2\/types\/page"}],"author":[{"embeddable":true,"href":"https:\/\/msdiffusion.be\/index.php\/wp-json\/wp\/v2\/users\/1"}],"replies":[{"embeddable":true,"href":"https:\/\/msdiffusion.be\/index.php\/wp-json\/wp\/v2\/comments?post=43"}],"version-history":[{"count":4,"href":"https:\/\/msdiffusion.be\/index.php\/wp-json\/wp\/v2\/pages\/43\/revisions"}],"predecessor-version":[{"id":96,"href":"https:\/\/msdiffusion.be\/index.php\/wp-json\/wp\/v2\/pages\/43\/revisions\/96"}],"wp:featuredmedia":[{"embeddable":true,"href":"https:\/\/msdiffusion.be\/index.php\/wp-json\/wp\/v2\/media\/66"}],"wp:attachment":[{"href":"https:\/\/msdiffusion.be\/index.php\/wp-json\/wp\/v2\/media?parent=43"}],"curies":[{"name":"wp","href":"https:\/\/api.w.org\/{rel}","templated":true}]}}