{"id":53,"date":"2026-05-14T10:32:05","date_gmt":"2026-05-14T10:32:05","guid":{"rendered":"https:\/\/msdiffusion.be\/?page_id=53"},"modified":"2026-05-14T13:08:36","modified_gmt":"2026-05-14T13:08:36","slug":"msdgrossite","status":"publish","type":"page","link":"https:\/\/msdiffusion.be\/index.php\/msdgrossite\/","title":{"rendered":"MSD Grossiste"},"content":{"rendered":"\n<figure class=\"wp-block-image is-resized\"><img loading=\"lazy\" decoding=\"async\" width=\"1024\" height=\"1024\" src=\"https:\/\/msdiffusion.be\/wp-content\/uploads\/2026\/05\/gros.png\" alt=\"\" class=\"wp-image-64\" style=\"width:338px;height:auto\" srcset=\"https:\/\/msdiffusion.be\/wp-content\/uploads\/2026\/05\/gros.png 1024w, https:\/\/msdiffusion.be\/wp-content\/uploads\/2026\/05\/gros-300x300.png 300w, https:\/\/msdiffusion.be\/wp-content\/uploads\/2026\/05\/gros-150x150.png 150w, https:\/\/msdiffusion.be\/wp-content\/uploads\/2026\/05\/gros-768x768.png 768w, https:\/\/msdiffusion.be\/wp-content\/uploads\/2026\/05\/gros-100x100.png 100w\" sizes=\"auto, (max-width: 1024px) 100vw, 1024px\" \/><\/figure>\n\n\n\n<hr class=\"wp-block-separator has-alpha-channel-opacity\"\/>\n\n\n\n<p><strong>GROSSISTE EN BOISSONS, ALIMENTAIRE &amp; PRODUITS DE DIVERSIFICATION<br>POUR COMMERCES DE PROXIMIT\u00c9<\/strong><\/p>\n\n\n\n<p>Notre d\u00e9partement <em>Grossiste<\/em> accompagne les commerces de proximit\u00e9 avec une offre compl\u00e8te, flexible et pens\u00e9e pour les besoins du terrain.<br>Nous fournissons un large assortiment de <strong>boissons<\/strong>, de <strong>produits alimentaires<\/strong>, ainsi que de <strong>produits de diversification<\/strong> destin\u00e9s \u00e0 renforcer l\u2019attractivit\u00e9 et la rentabilit\u00e9 de votre commerce.<\/p>\n\n\n\n<h3 class=\"wp-block-heading\"><strong>Sp\u00e9cialistes des produits locaux<\/strong><\/h3>\n\n\n\n<p>Nous mettons en avant le savoir\u2011faire r\u00e9gional gr\u00e2ce \u00e0 une s\u00e9lection de produits locaux de qualit\u00e9 :<\/p>\n\n\n\n<ul class=\"wp-block-list\">\n<li><strong>Th\u00e9s et tisanes artisanales<\/strong><\/li>\n\n\n\n<li><strong>Miels de producteurs locaux<\/strong><\/li>\n\n\n\n<li><strong>Produits gourmands issus de circuits courts<\/strong><\/li>\n<\/ul>\n\n\n\n<p>Ces gammes locales apportent une vraie valeur ajout\u00e9e \u00e0 votre commerce et r\u00e9pondent \u00e0 la demande croissante de vos clients pour des produits authentiques et de proximit\u00e9.<\/p>\n\n\n\n<h3 class=\"wp-block-heading\"><strong>Une offre compl\u00e8te incluant les produits industriels<\/strong><\/h3>\n\n\n\n<p>Pour garantir un service global, nous proposons \u00e9galement un assortiment \u00e9tendu de <strong>produits industriels<\/strong>, boissons et alimentaires, afin de couvrir l\u2019ensemble de vos besoins quotidiens.<\/p>\n\n\n\n<h3 class=\"wp-block-heading\"><strong>Votre partenaire logistique et commercial<\/strong><\/h3>\n\n\n\n<p>Fiables, r\u00e9actifs et proches du terrain, nous accompagnons les commerces de quartier, librairies, \u00e9piceries, horeca l\u00e9ger et points multiservices dans leur d\u00e9veloppement.<\/p>\n\n\n\n<p><strong>Du local, du choix, du service : tout ce qu\u2019il faut pour soutenir votre activit\u00e9.<\/strong><\/p>\n\n\n\n<hr class=\"wp-block-separator has-alpha-channel-opacity\"\/>\n","protected":false},"excerpt":{"rendered":"<p>GROSSISTE EN BOISSONS, ALIMENTAIRE &amp; PRODUITS DE DIVERSIFICATIONPOUR COMMERCES DE PROXIMIT\u00c9 Notre d\u00e9partement Grossiste accompagne les commerces de proximit\u00e9 avec une offre compl\u00e8te, flexible et pens\u00e9e pour les besoins du terrain.Nous fournissons un large assortiment de boissons, de produits alimentaires, ainsi que de produits de diversification destin\u00e9s \u00e0 renforcer l\u2019attractivit\u00e9 et la rentabilit\u00e9 de votre&hellip;&nbsp;<\/p>\n","protected":false},"author":2,"featured_media":64,"parent":0,"menu_order":0,"comment_status":"closed","ping_status":"closed","template":"","meta":{"neve_meta_sidebar":"","neve_meta_container":"","neve_meta_enable_content_width":"","neve_meta_content_width":0,"neve_meta_title_alignment":"","neve_meta_author_avatar":"","neve_post_elements_order":"","neve_meta_disable_header":"","neve_meta_disable_footer":"","neve_meta_disable_title":"","footnotes":""},"class_list":["post-53","page","type-page","status-publish","has-post-thumbnail","hentry"],"_links":{"self":[{"href":"https:\/\/msdiffusion.be\/index.php\/wp-json\/wp\/v2\/pages\/53","targetHints":{"allow":["GET"]}}],"collection":[{"href":"https:\/\/msdiffusion.be\/index.php\/wp-json\/wp\/v2\/pages"}],"about":[{"href":"https:\/\/msdiffusion.be\/index.php\/wp-json\/wp\/v2\/types\/page"}],"author":[{"embeddable":true,"href":"https:\/\/msdiffusion.be\/index.php\/wp-json\/wp\/v2\/users\/2"}],"replies":[{"embeddable":true,"href":"https:\/\/msdiffusion.be\/index.php\/wp-json\/wp\/v2\/comments?post=53"}],"version-history":[{"count":4,"href":"https:\/\/msdiffusion.be\/index.php\/wp-json\/wp\/v2\/pages\/53\/revisions"}],"predecessor-version":[{"id":100,"href":"https:\/\/msdiffusion.be\/index.php\/wp-json\/wp\/v2\/pages\/53\/revisions\/100"}],"wp:featuredmedia":[{"embeddable":true,"href":"https:\/\/msdiffusion.be\/index.php\/wp-json\/wp\/v2\/media\/64"}],"wp:attachment":[{"href":"https:\/\/msdiffusion.be\/index.php\/wp-json\/wp\/v2\/media?parent=53"}],"curies":[{"name":"wp","href":"https:\/\/api.w.org\/{rel}","templated":true}]}}