{"id":68,"date":"2026-05-14T12:05:10","date_gmt":"2026-05-14T12:05:10","guid":{"rendered":"https:\/\/msdiffusion.be\/?page_id=68"},"modified":"2026-05-14T13:09:21","modified_gmt":"2026-05-14T13:09:21","slug":"msd-dom","status":"publish","type":"page","link":"https:\/\/msdiffusion.be\/index.php\/msd-dom\/","title":{"rendered":"MSD DOM"},"content":{"rendered":"\n<figure class=\"wp-block-image is-resized\"><img loading=\"lazy\" decoding=\"async\" width=\"1024\" height=\"1024\" src=\"https:\/\/msdiffusion.be\/wp-content\/uploads\/2026\/05\/domiciliation.png\" alt=\"\" class=\"wp-image-69\" style=\"width:345px;height:auto\" srcset=\"https:\/\/msdiffusion.be\/wp-content\/uploads\/2026\/05\/domiciliation.png 1024w, https:\/\/msdiffusion.be\/wp-content\/uploads\/2026\/05\/domiciliation-300x300.png 300w, https:\/\/msdiffusion.be\/wp-content\/uploads\/2026\/05\/domiciliation-150x150.png 150w, https:\/\/msdiffusion.be\/wp-content\/uploads\/2026\/05\/domiciliation-768x768.png 768w, https:\/\/msdiffusion.be\/wp-content\/uploads\/2026\/05\/domiciliation-100x100.png 100w\" sizes=\"auto, (max-width: 1024px) 100vw, 1024px\" \/><\/figure>\n\n\n\n<h3 class=\"wp-block-heading\">\ud83d\udce6 <strong>R\u00e9ception de colis<\/strong><\/h3>\n\n\n\n<p>Vous attendez un colis mais vous n\u2019\u00eates pas \u00e0 la maison ou au bureau\u202f?<br>Notre service de <strong>domiciliation<\/strong> vous simplifie la vie\u202f:<br>\u27a1\ufe0f Nous <strong>r\u00e9ceptionnons vos colis pour vous<\/strong>, en toute s\u00e9curit\u00e9.<br>\u27a1\ufe0f Vous \u00eates <strong>pr\u00e9venu d\u00e8s leur arriv\u00e9e<\/strong>.<br>\u27a1\ufe0f Vous pouvez <strong>venir les r\u00e9cup\u00e9rer quand cela vous arrange<\/strong>.<\/p>\n\n\n\n<p>Un service pratique, fiable et local \u2014 id\u00e9al pour les <strong>ind\u00e9pendants, petites entreprises et particuliers<\/strong> qui veulent garder le contr\u00f4le de leurs livraisons.<\/p>\n\n\n\n<hr class=\"wp-block-separator has-alpha-channel-opacity\"\/>\n\n\n\n<h3 class=\"wp-block-heading\">\ud83d\udcbc <strong>Tarif Abonnement \u2013 R\u00e9ception de Colis<\/strong><\/h3>\n\n\n\n<p>Vous attendez r\u00e9guli\u00e8rement des colis mais vous n\u2019\u00eates pas toujours disponible\u202f?<br>Avec notre <strong>abonnement domiciliation<\/strong>, nous <strong>r\u00e9ceptionnons vos colis pour vous<\/strong>, en toute s\u00e9curit\u00e9.<\/p>\n\n\n\n<p><strong>Nos formules :<\/strong><\/p>\n\n\n\n<ul class=\"wp-block-list\">\n<li>\ud83d\udfe6 <strong>Abonnement mensuel :<\/strong> 25\u202f\u20ac \/ mois<br>R\u00e9ception illimit\u00e9e de colis et courriers, notification \u00e0 chaque arriv\u00e9e.<\/li>\n\n\n\n<li>\ud83d\udfe6 <strong>Abonnement trimestriel :<\/strong> 70\u202f\u20ac \/ 3 mois<br>Id\u00e9al pour les ind\u00e9pendants ou petites entreprises.<\/li>\n\n\n\n<li>\ud83d\udfe6 <strong>Abonnement annuel :<\/strong> 260\u202f\u20ac \/ an<br>Solution compl\u00e8te avec suivi prioritaire et stockage temporaire inclus.<\/li>\n<\/ul>\n\n\n\n<p><strong>Avantages :<\/strong><\/p>\n\n\n\n<ul class=\"wp-block-list\">\n<li>Adresse professionnelle et fiable<\/li>\n\n\n\n<li>R\u00e9ception s\u00e9curis\u00e9e<\/li>\n\n\n\n<li>Notification imm\u00e9diate<\/li>\n\n\n\n<li>Retrait flexible selon vos disponibilit\u00e9s<\/li>\n<\/ul>\n\n\n\n<hr class=\"wp-block-separator has-alpha-channel-opacity\"\/>\n\n\n\n<p><\/p>\n","protected":false},"excerpt":{"rendered":"<p>\ud83d\udce6 R\u00e9ception de colis Vous attendez un colis mais vous n\u2019\u00eates pas \u00e0 la maison ou au bureau\u202f?Notre service de domiciliation vous simplifie la vie\u202f:\u27a1\ufe0f Nous r\u00e9ceptionnons vos colis pour vous, en toute s\u00e9curit\u00e9.\u27a1\ufe0f Vous \u00eates pr\u00e9venu d\u00e8s leur arriv\u00e9e.\u27a1\ufe0f Vous pouvez venir les r\u00e9cup\u00e9rer quand cela vous arrange. Un service pratique, fiable et local&hellip;&nbsp;<\/p>\n","protected":false},"author":2,"featured_media":69,"parent":0,"menu_order":0,"comment_status":"closed","ping_status":"closed","template":"","meta":{"neve_meta_sidebar":"","neve_meta_container":"","neve_meta_enable_content_width":"","neve_meta_content_width":0,"neve_meta_title_alignment":"","neve_meta_author_avatar":"","neve_post_elements_order":"","neve_meta_disable_header":"","neve_meta_disable_footer":"","neve_meta_disable_title":"","footnotes":""},"class_list":["post-68","page","type-page","status-publish","has-post-thumbnail","hentry"],"_links":{"self":[{"href":"https:\/\/msdiffusion.be\/index.php\/wp-json\/wp\/v2\/pages\/68","targetHints":{"allow":["GET"]}}],"collection":[{"href":"https:\/\/msdiffusion.be\/index.php\/wp-json\/wp\/v2\/pages"}],"about":[{"href":"https:\/\/msdiffusion.be\/index.php\/wp-json\/wp\/v2\/types\/page"}],"author":[{"embeddable":true,"href":"https:\/\/msdiffusion.be\/index.php\/wp-json\/wp\/v2\/users\/2"}],"replies":[{"embeddable":true,"href":"https:\/\/msdiffusion.be\/index.php\/wp-json\/wp\/v2\/comments?post=68"}],"version-history":[{"count":3,"href":"https:\/\/msdiffusion.be\/index.php\/wp-json\/wp\/v2\/pages\/68\/revisions"}],"predecessor-version":[{"id":101,"href":"https:\/\/msdiffusion.be\/index.php\/wp-json\/wp\/v2\/pages\/68\/revisions\/101"}],"wp:featuredmedia":[{"embeddable":true,"href":"https:\/\/msdiffusion.be\/index.php\/wp-json\/wp\/v2\/media\/69"}],"wp:attachment":[{"href":"https:\/\/msdiffusion.be\/index.php\/wp-json\/wp\/v2\/media?parent=68"}],"curies":[{"name":"wp","href":"https:\/\/api.w.org\/{rel}","templated":true}]}}